{"id":54,"date":"2017-12-11T13:59:20","date_gmt":"2017-12-11T13:59:20","guid":{"rendered":"https:\/\/it.arch.ethz.ch\/?page_id=54"},"modified":"2019-11-19T14:25:16","modified_gmt":"2019-11-19T13:25:16","slug":"about-us","status":"publish","type":"page","link":"https:\/\/it.arch.ethz.ch\/de\/about-us\/","title":{"rendered":"\u00dcber uns"},"content":{"rendered":"<p>Das Departement Architektur bietet seinen Angeh\u00f6rigen verschiedene zentrale- und dezentrale IT-Dienstleistungen f\u00fcr Forschung, Lehre und Unterricht an. Diese Webseite liefert Hilfestellungen zu den entsprechenden Themen.<\/p>\n<p>&nbsp;<\/p>\n<p><a href=\"https:\/\/it.arch.ethz.ch\/de\/team\/\">Unser Team<\/a><\/p>\n","protected":false},"excerpt":{"rendered":"<p>Das Departement Architektur bietet seinen Angeh\u00f6rigen verschiedene zentrale- und dezentrale IT-Dienstleistungen f\u00fcr Forschung, Lehre und Unterricht an. Diese Webseite liefert Hilfestellungen zu den entsprechenden Themen. &nbsp; Unser Team<\/p>\n","protected":false},"author":1,"featured_media":0,"parent":0,"menu_order":0,"comment_status":"closed","ping_status":"closed","template":"","meta":{"_acf_changed":false,"footnotes":""},"class_list":["post-54","page","type-page","status-publish","hentry"],"translation":{"provider":"WPGlobus","version":"3.0.2","language":"de","enabled_languages":["en","de"],"languages":{"en":{"title":true,"content":true,"excerpt":false},"de":{"title":true,"content":true,"excerpt":false}}},"acf":[],"_links":{"self":[{"href":"https:\/\/it.arch.ethz.ch\/de\/wp-json\/wp\/v2\/pages\/54","targetHints":{"allow":["GET"]}}],"collection":[{"href":"https:\/\/it.arch.ethz.ch\/de\/wp-json\/wp\/v2\/pages"}],"about":[{"href":"https:\/\/it.arch.ethz.ch\/de\/wp-json\/wp\/v2\/types\/page"}],"author":[{"embeddable":true,"href":"https:\/\/it.arch.ethz.ch\/de\/wp-json\/wp\/v2\/users\/1"}],"replies":[{"embeddable":true,"href":"https:\/\/it.arch.ethz.ch\/de\/wp-json\/wp\/v2\/comments?post=54"}],"version-history":[{"count":4,"href":"https:\/\/it.arch.ethz.ch\/de\/wp-json\/wp\/v2\/pages\/54\/revisions"}],"predecessor-version":[{"id":8882,"href":"https:\/\/it.arch.ethz.ch\/de\/wp-json\/wp\/v2\/pages\/54\/revisions\/8882"}],"wp:attachment":[{"href":"https:\/\/it.arch.ethz.ch\/de\/wp-json\/wp\/v2\/media?parent=54"}],"curies":[{"name":"wp","href":"https:\/\/api.w.org\/{rel}","templated":true}]}}